{"id":8660,"date":"2025-04-15T04:49:12","date_gmt":"2025-04-15T04:49:12","guid":{"rendered":"https:\/\/consultingluxe.ai\/?page_id=8660"},"modified":"2025-04-27T17:04:19","modified_gmt":"2025-04-27T17:04:19","slug":"ai-mastery-program","status":"publish","type":"page","link":"https:\/\/consultingluxe.ai\/de\/ai-mastery-program\/","title":{"rendered":"AI Mastery Programm"},"content":{"rendered":"<div data-elementor-type=\"wp-page\" data-elementor-id=\"8660\" class=\"elementor elementor-8660\" data-elementor-post-type=\"page\">\n\t\t\t\t<div class=\"elementor-element elementor-element-cc19076 e-flex e-con-boxed e-con e-parent\" data-id=\"cc19076\" data-element_type=\"container\" data-e-type=\"container\">\n\t\t\t\t\t<div class=\"e-con-inner\">\n\t\t\t\t<div class=\"elementor-element elementor-element-062f590 elementor-widget elementor-widget-heading\" data-id=\"062f590\" data-element_type=\"widget\" data-e-type=\"widget\" data-widget_type=\"heading.default\">\n\t\t\t\t<div class=\"elementor-widget-container\">\n\t\t\t\t\t<h1 class=\"elementor-heading-title elementor-size-default\">AI Mastery Programm<\/h1>\t\t\t\t<\/div>\n\t\t\t\t<\/div>\n\t\t\t\t<div class=\"elementor-element elementor-element-f295707 elementor-widget elementor-widget-text-editor\" data-id=\"f295707\" data-element_type=\"widget\" data-e-type=\"widget\" data-widget_type=\"text-editor.default\">\n\t\t\t\t<div class=\"elementor-widget-container\">\n\t\t\t\t\t\t\t\t\t<p>Auch nach Abschluss des initialen Projekts bleiben wir an deiner Seite \u2013 als In-House Partner:innen, strategische Sparringspartner und Vordenker:innen.\nSo stellen wir sicher, dass deine KI-Initiativen nicht nur laufen, sondern wachsen, skalieren und wirken \u2013 im Einklang mit Trends, technologischer Entwicklung und deinem Markenversprechen. Unser AI Mastery Programm ist exklusiv, bewerbungsbasiert und auf 4 Kund:innen pro Jahr begrenzt.<\/p><p>Jede Zusammenarbeit ist individuell \u2013 in Umfang, Tiefe und Ressourcen. Sprich mit uns f\u00fcr ein ma\u00dfgeschneidertes Angebot, das dich dabei unterst\u00fctzt, KI langfristig erfolgreich in deinem Unternehmen zu verankern \u2013\nund den Weg zum AI-first Unternehmen zu gehen.<\/p>\t\t\t\t\t\t\t\t<\/div>\n\t\t\t\t<\/div>\n\t\t\t\t\t<\/div>\n\t\t\t\t<\/div>\n\t\t<div class=\"elementor-element elementor-element-40a1773 e-flex e-con-boxed e-con e-parent\" data-id=\"40a1773\" data-element_type=\"container\" data-e-type=\"container\">\n\t\t\t\t\t<div class=\"e-con-inner\">\n\t\t<div class=\"elementor-element elementor-element-bbafeda e-con-full e-flex e-con e-child\" data-id=\"bbafeda\" data-element_type=\"container\" data-e-type=\"container\">\n\t\t\t\t<div class=\"elementor-element elementor-element-a9a5d0a elementor-widget elementor-widget-image\" data-id=\"a9a5d0a\" data-element_type=\"widget\" data-e-type=\"widget\" data-widget_type=\"image.default\">\n\t\t\t\t<div class=\"elementor-widget-container\">\n\t\t\t\t\t\t\t\t\t\t\t\t\t\t\t<img fetchpriority=\"high\" decoding=\"async\" width=\"780\" height=\"780\" src=\"data:image\/svg+xml;charset=utf-8,%3Csvg xmlns%3D&#039;http%3A%2F%2Fwww.w3.org%2F2000%2Fsvg&#039; viewBox%3D&#039;0 0 1024 1024&#039;%2F%3E\" class=\"attachment-large size-large wp-image-8662 ld-lazyload\" alt=\"\" data-src=\"https:\/\/consultingluxe.ai\/wp-content\/uploads\/2025\/04\/Joyful-Asian-Businesswoman-in-a-Creative-Workspace-1024x1024.webp\" data-srcset=\"https:\/\/consultingluxe.ai\/wp-content\/uploads\/2025\/04\/Joyful-Asian-Businesswoman-in-a-Creative-Workspace-1024x1024.webp 1024w, https:\/\/consultingluxe.ai\/wp-content\/uploads\/2025\/04\/Joyful-Asian-Businesswoman-in-a-Creative-Workspace-300x300.webp 300w, https:\/\/consultingluxe.ai\/wp-content\/uploads\/2025\/04\/Joyful-Asian-Businesswoman-in-a-Creative-Workspace-150x150.webp 150w, https:\/\/consultingluxe.ai\/wp-content\/uploads\/2025\/04\/Joyful-Asian-Businesswoman-in-a-Creative-Workspace.webp 1536w, https:\/\/consultingluxe.ai\/wp-content\/uploads\/2025\/04\/Joyful-Asian-Businesswoman-in-a-Creative-Workspace-320x320.webp 320w, https:\/\/consultingluxe.ai\/wp-content\/uploads\/2025\/04\/Joyful-Asian-Businesswoman-in-a-Creative-Workspace-760x760.webp 760w, https:\/\/consultingluxe.ai\/wp-content\/uploads\/2025\/04\/Joyful-Asian-Businesswoman-in-a-Creative-Workspace-650x650.webp 650w, https:\/\/consultingluxe.ai\/wp-content\/uploads\/2025\/04\/Joyful-Asian-Businesswoman-in-a-Creative-Workspace-1300x1300.webp 1300w, https:\/\/consultingluxe.ai\/wp-content\/uploads\/2025\/04\/Joyful-Asian-Businesswoman-in-a-Creative-Workspace-12x12.webp 12w\" data-sizes=\"(max-width: 780px) 100vw, 780px\" data-aspect=\"1\" \/>\t\t\t\t\t\t\t\t\t\t\t\t\t\t\t<\/div>\n\t\t\t\t<\/div>\n\t\t\t\t<\/div>\n\t\t<div class=\"elementor-element elementor-element-f3d0b3c e-con-full e-flex e-con e-child\" data-id=\"f3d0b3c\" data-element_type=\"container\" data-e-type=\"container\">\n\t\t\t\t<div class=\"elementor-element elementor-element-7bad704 elementor-widget elementor-widget-heading\" data-id=\"7bad704\" data-element_type=\"widget\" data-e-type=\"widget\" data-widget_type=\"heading.default\">\n\t\t\t\t<div class=\"elementor-widget-container\">\n\t\t\t\t\t<h1 class=\"elementor-heading-title elementor-size-default\">Interne AI Transformation<\/h1>\t\t\t\t<\/div>\n\t\t\t\t<\/div>\n\t\t\t\t<div class=\"elementor-element elementor-element-bc86b86 elementor-widget elementor-widget-text-editor\" data-id=\"bc86b86\" data-element_type=\"widget\" data-e-type=\"widget\" data-widget_type=\"text-editor.default\">\n\t\t\t\t<div class=\"elementor-widget-container\">\n\t\t\t\t\t\t\t\t\t<p>Aufbau deines eigenen In-House AI Innovation Teams, Umfassende Unterst\u00fctzung f\u00fcr eine ganzheitliche KI-Transformation, Vertiefende Workshops &amp; Leadership-Trainings<\/p>\t\t\t\t\t\t\t\t<\/div>\n\t\t\t\t<\/div>\n\t\t\t\t<div class=\"elementor-element elementor-element-6a21e2c elementor-align-left elementor-widget elementor-widget-global elementor-global-9270 elementor-widget-ld_button\" data-id=\"6a21e2c\" data-element_type=\"widget\" data-e-type=\"widget\" data-widget_type=\"ld_button.default\">\n\t\t\t\t<div class=\"elementor-widget-container\">\n\t\t\t\t\t\n\t\t\t<a\n\t\t\t\thref=\"https:\/\/calendly.com\/luxe-ai\/discovery-call-15min\"class=\"elementor-button btn btn-solid btn-sm btn-icon-right btn-has-label\"\t\t\t>\n\t\t\t\t\t\t\t\t\t<span data-text=\"Book A Call\" class=\"btn-txt\">\n\t\t\t\t\t\tCall Buchen\t\t\t\t\t<\/span>\n\t\t\t\t\t\t\t\t\t\t\t\t\t\t<span class=\"btn-icon\">\n\t\t\t\t\t\t\t\t\t\t\t\t\t<\/span>\n\t\t\t\t\t\t\t\t\t<\/a>\n\t\t\t\t\t\t\t<\/div>\n\t\t\t\t<\/div>\n\t\t\t\t<\/div>\n\t\t\t\t\t<\/div>\n\t\t\t\t<\/div>\n\t\t<div class=\"elementor-element elementor-element-4265428 e-flex e-con-boxed e-con e-parent\" data-id=\"4265428\" data-element_type=\"container\" data-e-type=\"container\">\n\t\t\t\t\t<div class=\"e-con-inner\">\n\t\t\t\t<div class=\"elementor-element elementor-element-b6614e5 elementor-widget elementor-widget-heading\" data-id=\"b6614e5\" data-element_type=\"widget\" data-e-type=\"widget\" data-widget_type=\"heading.default\">\n\t\t\t\t<div class=\"elementor-widget-container\">\n\t\t\t\t\t<h1 class=\"elementor-heading-title elementor-size-default\">Was dich erwartet:<\/h1>\t\t\t\t<\/div>\n\t\t\t\t<\/div>\n\t\t\t\t\t<\/div>\n\t\t\t\t<\/div>\n\t\t<div class=\"elementor-element elementor-element-109820b e-flex e-con-boxed e-con e-parent\" data-id=\"109820b\" data-element_type=\"container\" data-e-type=\"container\">\n\t\t\t\t\t<div class=\"e-con-inner\">\n\t\t<div class=\"elementor-element elementor-element-55145d7 e-con-full e-flex e-con e-child\" data-id=\"55145d7\" data-element_type=\"container\" data-e-type=\"container\">\n\t\t\t\t<div class=\"elementor-element elementor-element-9a2491b elementor-widget-mobile__width-inherit elementor-align-left elementor-widget elementor-widget-ld_icon_box\" data-id=\"9a2491b\" data-element_type=\"widget\" data-e-type=\"widget\" data-widget_type=\"ld_icon_box.default\">\n\t\t\t\t<div class=\"elementor-widget-container\">\n\t\t\t\t\t\n\t\t\t<div id=\"ld_icon_box_9a2491b\" class=\"iconbox d-flex flex-grow-1 pos-rel iconbox-side iconbox-icon-shaped iconbox-circle\"   >\n\n\t\t\t\t\n\t\t\t\t<div class=\"iconbox-icon-wrap\"><div class=\"iconbox-icon-container d-inline-flex pos-rel z-index-1 border-radius-circle\"><i aria-hidden=\"true\" class=\"lqd-icn-ess icon-num-1\"><\/i><\/div><\/div>\n\t\t\t\t\n\t\t\t\t<div class=\"contents\">\n\t\t\t\t\n\t\t\t\t\t\t\t\t<p>Laufende Chief AI Officer Advisory Services \u2013 strategisches Sparring &amp; Entscheidungshilfe auf Augenh\u00f6he<\/p>\n\t\t\t\t\n\t\t\t\t<\/div>\n\t\t\t\t\n\t\t\t<\/div>\n\n\t\t\t\t\t\t<\/div>\n\t\t\t\t<\/div>\n\t\t\t\t<\/div>\n\t\t<div class=\"elementor-element elementor-element-a532c2d e-con-full e-flex e-con e-child\" data-id=\"a532c2d\" data-element_type=\"container\" data-e-type=\"container\">\n\t\t\t\t<div class=\"elementor-element elementor-element-d44581d elementor-widget-mobile__width-inherit elementor-align-left elementor-widget elementor-widget-ld_icon_box\" data-id=\"d44581d\" data-element_type=\"widget\" data-e-type=\"widget\" data-widget_type=\"ld_icon_box.default\">\n\t\t\t\t<div class=\"elementor-widget-container\">\n\t\t\t\t\t\n\t\t\t<div id=\"ld_icon_box_d44581d\" class=\"iconbox d-flex flex-grow-1 pos-rel iconbox-side iconbox-icon-shaped iconbox-circle\"   >\n\n\t\t\t\t\n\t\t\t\t<div class=\"iconbox-icon-wrap\"><div class=\"iconbox-icon-container d-inline-flex pos-rel z-index-1 border-radius-circle\"><i aria-hidden=\"true\" class=\"lqd-icn-ess icon-num-2\"><\/i><\/div><\/div>\n\t\t\t\t\n\t\t\t\t<div class=\"contents\">\n\t\t\t\t\n\t\t\t\t\t\t\t\t<p>Begleitung der Umsetzung &amp; Projektmanagement \u2013 Hands-on &amp; mit Weitblick<\/p>\n\t\t\t\t\n\t\t\t\t<\/div>\n\t\t\t\t\n\t\t\t<\/div>\n\n\t\t\t\t\t\t<\/div>\n\t\t\t\t<\/div>\n\t\t\t\t<\/div>\n\t\t<div class=\"elementor-element elementor-element-743ccc0 e-con-full e-flex e-con e-child\" data-id=\"743ccc0\" data-element_type=\"container\" data-e-type=\"container\">\n\t\t\t\t<div class=\"elementor-element elementor-element-64af818 elementor-widget-mobile__width-inherit elementor-align-left elementor-widget elementor-widget-ld_icon_box\" data-id=\"64af818\" data-element_type=\"widget\" data-e-type=\"widget\" data-widget_type=\"ld_icon_box.default\">\n\t\t\t\t<div class=\"elementor-widget-container\">\n\t\t\t\t\t\n\t\t\t<div id=\"ld_icon_box_64af818\" class=\"iconbox d-flex flex-grow-1 pos-rel iconbox-side iconbox-icon-shaped iconbox-circle\"   >\n\n\t\t\t\t\n\t\t\t\t<div class=\"iconbox-icon-wrap\"><div class=\"iconbox-icon-container d-inline-flex pos-rel z-index-1 border-radius-circle\"><i aria-hidden=\"true\" class=\"lqd-icn-ess icon-num-3\"><\/i><\/div><\/div>\n\t\t\t\t\n\t\t\t\t<div class=\"contents\">\n\t\t\t\t\n\t\t\t\t\t\t\t\t<p>Unterst\u00fctzung bei Anbieterwahl &amp; Teamaufbau \u2013 In-house, extern oder hybrid \u2013 wir helfen dir bei der richtigen Struktur<\/p>\n\t\t\t\t\n\t\t\t\t<\/div>\n\t\t\t\t\n\t\t\t<\/div>\n\n\t\t\t\t\t\t<\/div>\n\t\t\t\t<\/div>\n\t\t\t\t<\/div>\n\t\t<div class=\"elementor-element elementor-element-6ef9aaf e-con-full e-flex e-con e-child\" data-id=\"6ef9aaf\" data-element_type=\"container\" data-e-type=\"container\">\n\t\t\t\t<div class=\"elementor-element elementor-element-90fb393 elementor-widget-mobile__width-inherit elementor-align-left elementor-widget elementor-widget-ld_icon_box\" data-id=\"90fb393\" data-element_type=\"widget\" data-e-type=\"widget\" data-widget_type=\"ld_icon_box.default\">\n\t\t\t\t<div class=\"elementor-widget-container\">\n\t\t\t\t\t\n\t\t\t<div id=\"ld_icon_box_90fb393\" class=\"iconbox d-flex flex-grow-1 pos-rel iconbox-side iconbox-icon-shaped iconbox-circle\"   >\n\n\t\t\t\t\n\t\t\t\t<div class=\"iconbox-icon-wrap\"><div class=\"iconbox-icon-container d-inline-flex pos-rel z-index-1 border-radius-circle\"><i aria-hidden=\"true\" class=\"lqd-icn-ess icon-num-4\"><\/i><\/div><\/div>\n\t\t\t\t\n\t\t\t\t<div class=\"contents\">\n\t\t\t\t\n\t\t\t\t\t\t\t\t<p>Innovation Performance Management \u2013 inkl. KPI-Tracking &amp; kontinuierlicher Optimierung<\/p>\n\t\t\t\t\n\t\t\t\t<\/div>\n\t\t\t\t\n\t\t\t<\/div>\n\n\t\t\t\t\t\t<\/div>\n\t\t\t\t<\/div>\n\t\t\t\t<\/div>\n\t\t<div class=\"elementor-element elementor-element-ac2b48a e-con-full e-flex e-con e-child\" data-id=\"ac2b48a\" data-element_type=\"container\" data-e-type=\"container\">\n\t\t\t\t<div class=\"elementor-element elementor-element-850b017 elementor-widget-mobile__width-inherit elementor-align-left elementor-widget elementor-widget-ld_icon_box\" data-id=\"850b017\" data-element_type=\"widget\" data-e-type=\"widget\" data-widget_type=\"ld_icon_box.default\">\n\t\t\t\t<div class=\"elementor-widget-container\">\n\t\t\t\t\t\n\t\t\t<div id=\"ld_icon_box_850b017\" class=\"iconbox d-flex flex-grow-1 pos-rel iconbox-side iconbox-icon-shaped iconbox-circle\"   >\n\n\t\t\t\t\n\t\t\t\t<div class=\"iconbox-icon-wrap\"><div class=\"iconbox-icon-container d-inline-flex pos-rel z-index-1 border-radius-circle\"><i aria-hidden=\"true\" class=\"lqd-icn-ess icon-num-5\"><\/i><\/div><\/div>\n\t\t\t\t\n\t\t\t\t<div class=\"contents\">\n\t\t\t\t\n\t\t\t\t\t\t\t\t<p>Change Management &amp; AI Leadership Coaching \u2013 1:1-Coaching f\u00fcr F\u00fchrungskr\u00e4fte &amp; Teams<\/p>\n\t\t\t\t\n\t\t\t\t<\/div>\n\t\t\t\t\n\t\t\t<\/div>\n\n\t\t\t\t\t\t<\/div>\n\t\t\t\t<\/div>\n\t\t\t\t<\/div>\n\t\t<div class=\"elementor-element elementor-element-28e86e0 e-con-full e-flex e-con e-child\" data-id=\"28e86e0\" data-element_type=\"container\" data-e-type=\"container\">\n\t\t\t\t<div class=\"elementor-element elementor-element-a1e9de0 elementor-widget-mobile__width-inherit elementor-align-left elementor-widget elementor-widget-ld_icon_box\" data-id=\"a1e9de0\" data-element_type=\"widget\" data-e-type=\"widget\" data-widget_type=\"ld_icon_box.default\">\n\t\t\t\t<div class=\"elementor-widget-container\">\n\t\t\t\t\t\n\t\t\t<div id=\"ld_icon_box_a1e9de0\" class=\"iconbox d-flex flex-grow-1 pos-rel iconbox-side iconbox-icon-shaped iconbox-circle\"   >\n\n\t\t\t\t\n\t\t\t\t<div class=\"iconbox-icon-wrap\"><div class=\"iconbox-icon-container d-inline-flex pos-rel z-index-1 border-radius-circle\"><i aria-hidden=\"true\" class=\"lqd-icn-ess icon-num-6\"><\/i><\/div><\/div>\n\t\t\t\t\n\t\t\t\t<div class=\"contents\">\n\t\t\t\t\n\t\t\t\t\t\t\t\t<p>Vertiefende Workshops zu Schl\u00fcsselthemen \u2013 z.\u202fB. rechtliche, ethische &amp; organisatorische Fragestellungen<\/p>\n\t\t\t\t\n\t\t\t\t<\/div>\n\t\t\t\t\n\t\t\t<\/div>\n\n\t\t\t\t\t\t<\/div>\n\t\t\t\t<\/div>\n\t\t\t\t<\/div>\n\t\t<div class=\"elementor-element elementor-element-7990bbc e-con-full e-flex e-con e-child\" data-id=\"7990bbc\" data-element_type=\"container\" data-e-type=\"container\">\n\t\t\t\t<div class=\"elementor-element elementor-element-593fdbd elementor-widget-mobile__width-inherit elementor-align-left elementor-widget elementor-widget-ld_icon_box\" data-id=\"593fdbd\" data-element_type=\"widget\" data-e-type=\"widget\" data-widget_type=\"ld_icon_box.default\">\n\t\t\t\t<div class=\"elementor-widget-container\">\n\t\t\t\t\t\n\t\t\t<div id=\"ld_icon_box_593fdbd\" class=\"iconbox d-flex flex-grow-1 pos-rel iconbox-side iconbox-icon-shaped iconbox-circle\"   >\n\n\t\t\t\t\n\t\t\t\t<div class=\"iconbox-icon-wrap\"><div class=\"iconbox-icon-container d-inline-flex pos-rel z-index-1 border-radius-circle\"><i aria-hidden=\"true\" class=\"lqd-icn-ess icon-num-7\"><\/i><\/div><\/div>\n\t\t\t\t\n\t\t\t\t<div class=\"contents\">\n\t\t\t\t\n\t\t\t\t\t\t\t\t<p>Begleitung bei Recruiting &amp; Dienstleisterauswahl \u2013 damit Know-how und Kultur wirklich zusammenpassen<\/p>\n\t\t\t\t\n\t\t\t\t<\/div>\n\t\t\t\t\n\t\t\t<\/div>\n\n\t\t\t\t\t\t<\/div>\n\t\t\t\t<\/div>\n\t\t\t\t<\/div>\n\t\t\t\t\t<\/div>\n\t\t\t\t<\/div>\n\t\t<div class=\"elementor-element elementor-element-47569e8 e-flex e-con-boxed e-con e-parent\" data-id=\"47569e8\" data-element_type=\"container\" data-e-type=\"container\">\n\t\t\t\t\t<div class=\"e-con-inner\">\n\t\t\t\t<div class=\"elementor-element elementor-element-699f9cb elementor-widget elementor-widget-heading\" data-id=\"699f9cb\" data-element_type=\"widget\" data-e-type=\"widget\" data-widget_type=\"heading.default\">\n\t\t\t\t<div class=\"elementor-widget-container\">\n\t\t\t\t\t<h5 class=\"elementor-heading-title elementor-size-default\">Format: Laufende strategische Beratung \u00b7 Projektmanagement \u00b7 Change-Management-Programme \u00b7  Individuelle Fortbildungs-Workshops \u00b7 Recruitment Support<\/h5>\t\t\t\t<\/div>\n\t\t\t\t<\/div>\n\t\t\t\t<div class=\"elementor-element elementor-element-47414ad elementor-align-center elementor-widget elementor-widget-global elementor-global-8515 elementor-widget-ld_button\" data-id=\"47414ad\" data-element_type=\"widget\" data-e-type=\"widget\" data-widget_type=\"ld_button.default\">\n\t\t\t\t<div class=\"elementor-widget-container\">\n\t\t\t\t\t\n\t\t\t<a\n\t\t\t\thref=\"https:\/\/calendly.com\/luxe-ai\/discovery-call-15min\"class=\"elementor-button btn btn-solid btn-sm btn-icon-right btn-has-label\"\t\t\t>\n\t\t\t\t\t\t\t\t\t<span data-text=\"Book A Call\" class=\"btn-txt\">\n\t\t\t\t\t\tCall Buchen\t\t\t\t\t<\/span>\n\t\t\t\t\t\t\t\t\t\t\t\t\t\t<span class=\"btn-icon\">\n\t\t\t\t\t\t\t\t\t\t\t\t\t<\/span>\n\t\t\t\t\t\t\t\t\t<\/a>\n\t\t\t\t\t\t\t<\/div>\n\t\t\t\t<\/div>\n\t\t\t\t\t<\/div>\n\t\t\t\t<\/div>\n\t\t<div class=\"elementor-element elementor-element-e903c45 e-flex e-con-boxed e-con e-parent\" data-id=\"e903c45\" data-element_type=\"container\" data-e-type=\"container\">\n\t\t\t\t\t<div class=\"e-con-inner\">\n\t\t<div class=\"elementor-element elementor-element-19600d2 e-con-full e-flex e-con e-child\" data-id=\"19600d2\" data-element_type=\"container\" data-e-type=\"container\" data-settings=\"{&quot;background_background&quot;:&quot;classic&quot;}\">\n\t\t\t\t<div class=\"elementor-element elementor-element-2253d90 elementor-widget__width-auto elementor-widget elementor-widget-hub_fancy_heading\" data-id=\"2253d90\" data-element_type=\"widget\" data-e-type=\"widget\" data-widget_type=\"hub_fancy_heading.default\">\n\t\t\t\t<div class=\"elementor-widget-container\">\n\t\t\t\t\t\n\t\t<div id=\"ld-fancy-heading-69ff3dd4e2b74\" class=\"ld-fancy-heading pos-rel\">\n\t\t\t<p class=\"ld-fh-element d-inline-block pos-rel  lqd-highlight-classic lqd-highlight-grow-left p\"  > Laufende Partnerschaft<\/p>\t\t<\/div>\n\n\t\t\t\t\t\t<\/div>\n\t\t\t\t<\/div>\n\t\t\t\t<div class=\"elementor-element elementor-element-69c0fea elementor-widget elementor-widget-hub_fancy_heading\" data-id=\"69c0fea\" data-element_type=\"widget\" data-e-type=\"widget\" data-widget_type=\"hub_fancy_heading.default\">\n\t\t\t\t<div class=\"elementor-widget-container\">\n\t\t\t\t\t\n\t\t<div id=\"ld-fancy-heading-69ff3dd4e3237\" class=\"ld-fancy-heading pos-rel\">\n\t\t\t<p class=\"ld-fh-element d-inline-block pos-rel  lqd-highlight-classic lqd-highlight-grow-left p\"  > Beschr\u00e4nkt auf 4 Kund:innen\/Jahr<\/p>\t\t<\/div>\n\n\t\t\t\t\t\t<\/div>\n\t\t\t\t<\/div>\n\t\t\t\t<div class=\"elementor-element elementor-element-68d640e elementor-widget elementor-widget-hub_fancy_heading\" data-id=\"68d640e\" data-element_type=\"widget\" data-e-type=\"widget\" data-widget_type=\"hub_fancy_heading.default\">\n\t\t\t\t<div class=\"elementor-widget-container\">\n\t\t\t\t\t\n\t\t<div id=\"ld-fancy-heading-69ff3dd4e398d\" class=\"ld-fancy-heading pos-rel\">\n\t\t\t<h2 class=\"ld-fh-element d-inline-block pos-rel  elementor-heading-title lqd-highlight-classic lqd-highlight-grow-left h2\"  > AI Mastery Programm<\/h2>\t\t<\/div>\n\n\t\t\t\t\t\t<\/div>\n\t\t\t\t<\/div>\n\t\t\t\t<div class=\"elementor-element elementor-element-2d2dec6 elementor-widget-divider--view-line elementor-widget elementor-widget-divider\" data-id=\"2d2dec6\" data-element_type=\"widget\" data-e-type=\"widget\" data-widget_type=\"divider.default\">\n\t\t\t\t<div class=\"elementor-widget-container\">\n\t\t\t\t\t\t\t<div class=\"elementor-divider\">\n\t\t\t<span class=\"elementor-divider-separator\">\n\t\t\t\t\t\t<\/span>\n\t\t<\/div>\n\t\t\t\t\t\t<\/div>\n\t\t\t\t<\/div>\n\t\t\t\t<div class=\"elementor-element elementor-element-7144be6 elementor-widget elementor-widget-text-editor\" data-id=\"7144be6\" data-element_type=\"widget\" data-e-type=\"widget\" data-widget_type=\"text-editor.default\">\n\t\t\t\t<div class=\"elementor-widget-container\">\n\t\t\t\t\t\t\t\t\t<ul class=\"et_pb_pricing\"><li><strong>Ideal f\u00fcr:<\/strong>\u00a0Unternehmen, die sich vollst\u00e4ndig der Skalierung von Innovationen verschrieben haben und ein AI-first-Unternehmen werden m\u00f6chten.<\/li><li><strong>Dauer:<\/strong>\u00a0Laufende Inhouse-Partnerschaft.<\/li><li><strong>\u00dcbersicht:<\/strong>\u00a0Wir fungieren als Ihr AI-Innovationsteam und transformieren alle Funktionen mit Beratung durch den Chief AI Officer, Change Management, F\u00fchrungskr\u00e4fteweiterbildung sowie Auswahl von Personal und Dienstleistern, unter anderem.<\/li><li><strong>Ergebnis:\u00a0<\/strong>Werde zum AI-gest\u00fctzten Branchenf\u00fchrer \u2013 mit Weitblick, Substanz und Haltung. Setze auf nachhaltiges Wachstum, eine stabile KI-Basis und verantwortungsbewusste Umsetzung.\n\nFokussiere dich auf strategische Initiativen, entwickle Kompetenzen weiter, f\u00f6rdere Innovation \u2013\nund bleibe agil, um deine Position im dynamischen KI-Umfeld langfristig zu st\u00e4rken.<\/li><\/ul>\t\t\t\t\t\t\t\t<\/div>\n\t\t\t\t<\/div>\n\t\t\t\t<div class=\"elementor-element elementor-element-afedcbe elementor-align-center elementor-widget elementor-widget-global elementor-global-8515 elementor-widget-ld_button\" data-id=\"afedcbe\" data-element_type=\"widget\" data-e-type=\"widget\" data-widget_type=\"ld_button.default\">\n\t\t\t\t<div class=\"elementor-widget-container\">\n\t\t\t\t\t\n\t\t\t<a\n\t\t\t\thref=\"https:\/\/calendly.com\/luxe-ai\/discovery-call-15min\"class=\"elementor-button btn btn-solid btn-sm btn-icon-right btn-has-label\"\t\t\t>\n\t\t\t\t\t\t\t\t\t<span data-text=\"Book A Call\" class=\"btn-txt\">\n\t\t\t\t\t\tCall Buchen\t\t\t\t\t<\/span>\n\t\t\t\t\t\t\t\t\t\t\t\t\t\t<span class=\"btn-icon\">\n\t\t\t\t\t\t\t\t\t\t\t\t\t<\/span>\n\t\t\t\t\t\t\t\t\t<\/a>\n\t\t\t\t\t\t\t<\/div>\n\t\t\t\t<\/div>\n\t\t\t\t<\/div>\n\t\t\t\t\t<\/div>\n\t\t\t\t<\/div>\n\t\t\t\t<\/div>","protected":false},"excerpt":{"rendered":"<p>AI Mastery Program After the initial project is completed, we remain available to provide ongoing support, guidance and expertise, ensuring you stay ahead of trends and developments on your AI journey with us as In-House Partners to ensures your AI initiatives are optimized and scaled. This program is by application only and limited to 4 [&hellip;]<\/p>\n","protected":false},"author":1,"featured_media":0,"parent":0,"menu_order":0,"comment_status":"closed","ping_status":"closed","template":"","meta":{"_acf_changed":false,"footnotes":""},"class_list":["post-8660","page","type-page","status-publish","hentry"],"acf":[],"_links":{"self":[{"href":"https:\/\/consultingluxe.ai\/de\/wp-json\/wp\/v2\/pages\/8660","targetHints":{"allow":["GET"]}}],"collection":[{"href":"https:\/\/consultingluxe.ai\/de\/wp-json\/wp\/v2\/pages"}],"about":[{"href":"https:\/\/consultingluxe.ai\/de\/wp-json\/wp\/v2\/types\/page"}],"author":[{"embeddable":true,"href":"https:\/\/consultingluxe.ai\/de\/wp-json\/wp\/v2\/users\/1"}],"replies":[{"embeddable":true,"href":"https:\/\/consultingluxe.ai\/de\/wp-json\/wp\/v2\/comments?post=8660"}],"version-history":[{"count":22,"href":"https:\/\/consultingluxe.ai\/de\/wp-json\/wp\/v2\/pages\/8660\/revisions"}],"predecessor-version":[{"id":9278,"href":"https:\/\/consultingluxe.ai\/de\/wp-json\/wp\/v2\/pages\/8660\/revisions\/9278"}],"wp:attachment":[{"href":"https:\/\/consultingluxe.ai\/de\/wp-json\/wp\/v2\/media?parent=8660"}],"curies":[{"name":"wp","href":"https:\/\/api.w.org\/{rel}","templated":true}]}}