{"id":8536,"date":"2025-04-14T05:54:26","date_gmt":"2025-04-14T05:54:26","guid":{"rendered":"https:\/\/consultingluxe.ai\/?page_id=8536"},"modified":"2025-05-12T07:46:44","modified_gmt":"2025-05-12T07:46:44","slug":"ai-discovery-program","status":"publish","type":"page","link":"https:\/\/consultingluxe.ai\/de\/ai-discovery-program\/","title":{"rendered":"AI Discovery Programm"},"content":{"rendered":"<div data-elementor-type=\"wp-page\" data-elementor-id=\"8536\" class=\"elementor elementor-8536\" data-elementor-post-type=\"page\">\n\t\t\t\t<div class=\"elementor-element elementor-element-50a7e00 e-flex e-con-boxed e-con e-parent\" data-id=\"50a7e00\" data-element_type=\"container\" data-e-type=\"container\">\n\t\t\t\t\t<div class=\"e-con-inner\">\n\t\t\t\t<div class=\"elementor-element elementor-element-36ec52f elementor-widget elementor-widget-heading\" data-id=\"36ec52f\" data-element_type=\"widget\" data-e-type=\"widget\" data-widget_type=\"heading.default\">\n\t\t\t\t<div class=\"elementor-widget-container\">\n\t\t\t\t\t<h1 class=\"elementor-heading-title elementor-size-default\">AI Discovery Programm<\/h1>\t\t\t\t<\/div>\n\t\t\t\t<\/div>\n\t\t\t\t<div class=\"elementor-element elementor-element-39103a5 elementor-widget elementor-widget-text-editor\" data-id=\"39103a5\" data-element_type=\"widget\" data-e-type=\"widget\" data-widget_type=\"text-editor.default\">\n\t\t\t\t<div class=\"elementor-widget-container\">\n\t\t\t\t\t\t\t\t\t<p>Ein interaktiver, inspirierender Workshop, der eine solide Grundlage im Bereich K\u00fcnstliche Intelligenz vermittelt \u2013 ma\u00dfgeschneidert f\u00fcr Premium- und Luxusmarken. Lernen Sie zentrale KI-Konzepte, Branchentrends und praxisnahe Anwendungsbeispiele kennen, um Innovationen anzusto\u00dfen und Potenziale zu erkennen.<\/p>\t\t\t\t\t\t\t\t<\/div>\n\t\t\t\t<\/div>\n\t\t\t\t\t<\/div>\n\t\t\t\t<\/div>\n\t\t<div class=\"elementor-element elementor-element-ea7618f e-flex e-con-boxed e-con e-parent\" data-id=\"ea7618f\" data-element_type=\"container\" data-e-type=\"container\">\n\t\t\t\t\t<div class=\"e-con-inner\">\n\t\t<div class=\"elementor-element elementor-element-7fa1ad5 e-con-full e-flex e-con e-child\" data-id=\"7fa1ad5\" data-element_type=\"container\" data-e-type=\"container\">\n\t\t\t\t<div class=\"elementor-element elementor-element-d47bf4d elementor-widget elementor-widget-image\" data-id=\"d47bf4d\" data-element_type=\"widget\" data-e-type=\"widget\" data-widget_type=\"image.default\">\n\t\t\t\t<div class=\"elementor-widget-container\">\n\t\t\t\t\t\t\t\t\t\t\t\t\t\t\t<img fetchpriority=\"high\" decoding=\"async\" width=\"780\" height=\"780\" src=\"data:image\/svg+xml;charset=utf-8,%3Csvg xmlns%3D&#039;http%3A%2F%2Fwww.w3.org%2F2000%2Fsvg&#039; viewBox%3D&#039;0 0 1024 1024&#039;%2F%3E\" class=\"attachment-large size-large wp-image-8581 ld-lazyload\" alt=\"\" data-src=\"https:\/\/consultingluxe.ai\/wp-content\/uploads\/2025\/04\/Ai-Discovery-1024x1024.webp\" data-srcset=\"https:\/\/consultingluxe.ai\/wp-content\/uploads\/2025\/04\/Ai-Discovery-1024x1024.webp 1024w, https:\/\/consultingluxe.ai\/wp-content\/uploads\/2025\/04\/Ai-Discovery-300x300.webp 300w, https:\/\/consultingluxe.ai\/wp-content\/uploads\/2025\/04\/Ai-Discovery-150x150.webp 150w, https:\/\/consultingluxe.ai\/wp-content\/uploads\/2025\/04\/Ai-Discovery.webp 1536w, https:\/\/consultingluxe.ai\/wp-content\/uploads\/2025\/04\/Ai-Discovery-320x320.webp 320w, https:\/\/consultingluxe.ai\/wp-content\/uploads\/2025\/04\/Ai-Discovery-760x760.webp 760w, https:\/\/consultingluxe.ai\/wp-content\/uploads\/2025\/04\/Ai-Discovery-650x650.webp 650w, https:\/\/consultingluxe.ai\/wp-content\/uploads\/2025\/04\/Ai-Discovery-1300x1300.webp 1300w, https:\/\/consultingluxe.ai\/wp-content\/uploads\/2025\/04\/Ai-Discovery-12x12.webp 12w\" data-sizes=\"(max-width: 780px) 100vw, 780px\" data-aspect=\"1\" \/>\t\t\t\t\t\t\t\t\t\t\t\t\t\t\t<\/div>\n\t\t\t\t<\/div>\n\t\t\t\t<\/div>\n\t\t<div class=\"elementor-element elementor-element-8c61863 e-con-full e-flex e-con e-child\" data-id=\"8c61863\" data-element_type=\"container\" data-e-type=\"container\">\n\t\t\t\t<div class=\"elementor-element elementor-element-50d233b elementor-widget elementor-widget-heading\" data-id=\"50d233b\" data-element_type=\"widget\" data-e-type=\"widget\" data-widget_type=\"heading.default\">\n\t\t\t\t<div class=\"elementor-widget-container\">\n\t\t\t\t\t<h1 class=\"elementor-heading-title elementor-size-default\">\u00dcbersicht<\/h1>\t\t\t\t<\/div>\n\t\t\t\t<\/div>\n\t\t\t\t<div class=\"elementor-element elementor-element-3e198bb elementor-widget elementor-widget-text-editor\" data-id=\"3e198bb\" data-element_type=\"widget\" data-e-type=\"widget\" data-widget_type=\"text-editor.default\">\n\t\t\t\t<div class=\"elementor-widget-container\">\n\t\t\t\t\t\t\t\t\t<p>Konzipiert, um Premium- und Luxusmarken eine fundierte Grundlage im Bereich K\u00fcnstliche Intelligenz zu vermitteln. Der ideale Einstieg f\u00fcr Marken, die KI erkunden m\u00f6chten, bevor sie sich auf umfassendere Strategie- und Implementierungsprogramme einlassen.<\/p>\t\t\t\t\t\t\t\t<\/div>\n\t\t\t\t<\/div>\n\t\t\t\t<div class=\"elementor-element elementor-element-691b147 elementor-align-left elementor-widget elementor-widget-global elementor-global-9270 elementor-widget-ld_button\" data-id=\"691b147\" data-element_type=\"widget\" data-e-type=\"widget\" data-widget_type=\"ld_button.default\">\n\t\t\t\t<div class=\"elementor-widget-container\">\n\t\t\t\t\t\n\t\t\t<a\n\t\t\t\thref=\"https:\/\/calendly.com\/luxe-ai\/discovery-call-15min\"class=\"elementor-button btn btn-solid btn-sm btn-icon-right btn-has-label\"\t\t\t>\n\t\t\t\t\t\t\t\t\t<span data-text=\"Book A Call\" class=\"btn-txt\">\n\t\t\t\t\t\tCall Buchen\t\t\t\t\t<\/span>\n\t\t\t\t\t\t\t\t\t\t\t\t\t\t<span class=\"btn-icon\">\n\t\t\t\t\t\t\t\t\t\t\t\t\t<\/span>\n\t\t\t\t\t\t\t\t\t<\/a>\n\t\t\t\t\t\t\t<\/div>\n\t\t\t\t<\/div>\n\t\t\t\t<\/div>\n\t\t\t\t\t<\/div>\n\t\t\t\t<\/div>\n\t\t<div class=\"elementor-element elementor-element-fa2b282 e-flex e-con-boxed e-con e-parent\" data-id=\"fa2b282\" data-element_type=\"container\" data-e-type=\"container\">\n\t\t\t\t\t<div class=\"e-con-inner\">\n\t\t\t\t<div class=\"elementor-element elementor-element-629a0fb elementor-widget elementor-widget-heading\" data-id=\"629a0fb\" data-element_type=\"widget\" data-e-type=\"widget\" data-widget_type=\"heading.default\">\n\t\t\t\t<div class=\"elementor-widget-container\">\n\t\t\t\t\t<h1 class=\"elementor-heading-title elementor-size-default\">Was dich erwartet:<\/h1>\t\t\t\t<\/div>\n\t\t\t\t<\/div>\n\t\t\t\t\t<\/div>\n\t\t\t\t<\/div>\n\t\t<div class=\"elementor-element elementor-element-098713d e-flex e-con-boxed e-con e-parent\" data-id=\"098713d\" data-element_type=\"container\" data-e-type=\"container\">\n\t\t\t\t\t<div class=\"e-con-inner\">\n\t\t<div class=\"elementor-element elementor-element-5825897 e-con-full e-flex e-con e-child\" data-id=\"5825897\" data-element_type=\"container\" data-e-type=\"container\">\n\t\t\t\t<div class=\"elementor-element elementor-element-1c93222 elementor-widget-mobile__width-inherit elementor-align-left elementor-widget elementor-widget-ld_icon_box\" data-id=\"1c93222\" data-element_type=\"widget\" data-e-type=\"widget\" data-widget_type=\"ld_icon_box.default\">\n\t\t\t\t<div class=\"elementor-widget-container\">\n\t\t\t\t\t\n\t\t\t<div id=\"ld_icon_box_1c93222\" class=\"iconbox d-flex flex-grow-1 pos-rel iconbox-side iconbox-icon-shaped iconbox-circle\"   >\n\n\t\t\t\t\n\t\t\t\t<div class=\"iconbox-icon-wrap\"><div class=\"iconbox-icon-container d-inline-flex pos-rel z-index-1 border-radius-circle\"><i aria-hidden=\"true\" class=\"lqd-icn-ess icon-num-1\"><\/i><\/div><\/div>\n\t\t\t\t\n\t\t\t\t<div class=\"contents\">\n\t\t\t\t\n\t\t\t\t<h3 class=\"lqd-iconbox-heading\" >Verst\u00e4ndnis der KI-Grundlagen <\/h3>\t\t\t\t<p>Zentrale Konzepte, Rolle und potenzielle Risiken<\/p>\n\t\t\t\t\n\t\t\t\t<\/div>\n\t\t\t\t\n\t\t\t<\/div>\n\n\t\t\t\t\t\t<\/div>\n\t\t\t\t<\/div>\n\t\t\t\t<\/div>\n\t\t<div class=\"elementor-element elementor-element-979c358 e-con-full e-flex e-con e-child\" data-id=\"979c358\" data-element_type=\"container\" data-e-type=\"container\">\n\t\t\t\t<div class=\"elementor-element elementor-element-26c9581 elementor-widget-mobile__width-inherit elementor-align-left elementor-widget elementor-widget-ld_icon_box\" data-id=\"26c9581\" data-element_type=\"widget\" data-e-type=\"widget\" data-widget_type=\"ld_icon_box.default\">\n\t\t\t\t<div class=\"elementor-widget-container\">\n\t\t\t\t\t\n\t\t\t<div id=\"ld_icon_box_26c9581\" class=\"iconbox d-flex flex-grow-1 pos-rel iconbox-side iconbox-icon-shaped iconbox-circle\"   >\n\n\t\t\t\t\n\t\t\t\t<div class=\"iconbox-icon-wrap\"><div class=\"iconbox-icon-container d-inline-flex pos-rel z-index-1 border-radius-circle\"><i aria-hidden=\"true\" class=\"lqd-icn-ess icon-num-2\"><\/i><\/div><\/div>\n\t\t\t\t\n\t\t\t\t<div class=\"contents\">\n\t\t\t\t\n\t\t\t\t<h3 class=\"lqd-iconbox-heading\" >Einfluss von KI auf den Luxusmarkt <\/h3>\t\t\t\t<p>Auswirkungen auf Kundenerlebnis, Personalisierung, Nachhaltigkeit und operative Abl\u00e4ufe<\/p>\n\t\t\t\t\n\t\t\t\t<\/div>\n\t\t\t\t\n\t\t\t<\/div>\n\n\t\t\t\t\t\t<\/div>\n\t\t\t\t<\/div>\n\t\t\t\t<\/div>\n\t\t<div class=\"elementor-element elementor-element-28c1edc e-con-full e-flex e-con e-child\" data-id=\"28c1edc\" data-element_type=\"container\" data-e-type=\"container\">\n\t\t\t\t<div class=\"elementor-element elementor-element-2701a1a elementor-widget-mobile__width-inherit elementor-align-left elementor-widget elementor-widget-ld_icon_box\" data-id=\"2701a1a\" data-element_type=\"widget\" data-e-type=\"widget\" data-widget_type=\"ld_icon_box.default\">\n\t\t\t\t<div class=\"elementor-widget-container\">\n\t\t\t\t\t\n\t\t\t<div id=\"ld_icon_box_2701a1a\" class=\"iconbox d-flex flex-grow-1 pos-rel iconbox-side iconbox-icon-shaped iconbox-circle\"   >\n\n\t\t\t\t\n\t\t\t\t<div class=\"iconbox-icon-wrap\"><div class=\"iconbox-icon-container d-inline-flex pos-rel z-index-1 border-radius-circle\"><i aria-hidden=\"true\" class=\"lqd-icn-ess icon-num-3\"><\/i><\/div><\/div>\n\t\t\t\t\n\t\t\t\t<div class=\"contents\">\n\t\t\t\t\n\t\t\t\t<h3 class=\"lqd-iconbox-heading\" >Reale Use Cases <\/h3>\t\t\t\t<p>Kuratiere Beispiele aus dem Einzelhandel, der Mode- und Lifestyle-Branche<\/p>\n\t\t\t\t\n\t\t\t\t<\/div>\n\t\t\t\t\n\t\t\t<\/div>\n\n\t\t\t\t\t\t<\/div>\n\t\t\t\t<\/div>\n\t\t\t\t<\/div>\n\t\t<div class=\"elementor-element elementor-element-cc2ff2e e-con-full e-flex e-con e-child\" data-id=\"cc2ff2e\" data-element_type=\"container\" data-e-type=\"container\">\n\t\t\t\t<div class=\"elementor-element elementor-element-36665d4 elementor-widget-mobile__width-inherit elementor-align-left elementor-widget elementor-widget-ld_icon_box\" data-id=\"36665d4\" data-element_type=\"widget\" data-e-type=\"widget\" data-widget_type=\"ld_icon_box.default\">\n\t\t\t\t<div class=\"elementor-widget-container\">\n\t\t\t\t\t\n\t\t\t<div id=\"ld_icon_box_36665d4\" class=\"iconbox d-flex flex-grow-1 pos-rel iconbox-side iconbox-icon-shaped iconbox-circle\"   >\n\n\t\t\t\t\n\t\t\t\t<div class=\"iconbox-icon-wrap\"><div class=\"iconbox-icon-container d-inline-flex pos-rel z-index-1 border-radius-circle\"><i aria-hidden=\"true\" class=\"lqd-icn-ess icon-num-4\"><\/i><\/div><\/div>\n\t\t\t\t\n\t\t\t\t<div class=\"contents\">\n\t\t\t\t\n\t\t\t\t<h3 class=\"lqd-iconbox-heading\" >Die Zukunft der KI in Luxus <\/h3>\t\t\t\t<p>Erforsche Trends, aufkommenden Technologien und Ausblicken f\u00fcr die Zukunft<\/p>\n\t\t\t\t\n\t\t\t\t<\/div>\n\t\t\t\t\n\t\t\t<\/div>\n\n\t\t\t\t\t\t<\/div>\n\t\t\t\t<\/div>\n\t\t\t\t<\/div>\n\t\t<div class=\"elementor-element elementor-element-1a698bf e-con-full e-flex e-con e-child\" data-id=\"1a698bf\" data-element_type=\"container\" data-e-type=\"container\">\n\t\t\t\t<div class=\"elementor-element elementor-element-238a99e elementor-widget-mobile__width-inherit elementor-align-left elementor-widget elementor-widget-ld_icon_box\" data-id=\"238a99e\" data-element_type=\"widget\" data-e-type=\"widget\" data-widget_type=\"ld_icon_box.default\">\n\t\t\t\t<div class=\"elementor-widget-container\">\n\t\t\t\t\t\n\t\t\t<div id=\"ld_icon_box_238a99e\" class=\"iconbox d-flex flex-grow-1 pos-rel iconbox-side iconbox-icon-shaped iconbox-circle\"   >\n\n\t\t\t\t\n\t\t\t\t<div class=\"iconbox-icon-wrap\"><div class=\"iconbox-icon-container d-inline-flex pos-rel z-index-1 border-radius-circle\"><i aria-hidden=\"true\" class=\"lqd-icn-ess icon-num-5\"><\/i><\/div><\/div>\n\t\t\t\t\n\t\t\t\t<div class=\"contents\">\n\t\t\t\t\n\t\t\t\t<h3 class=\"lqd-iconbox-heading\" >Chancen entdecken <\/h3>\t\t\t\t<p>Identifiziere KI-M\u00f6glichkeiten und n\u00e4chste Schritte<\/p>\n\t\t\t\t\n\t\t\t\t<\/div>\n\t\t\t\t\n\t\t\t<\/div>\n\n\t\t\t\t\t\t<\/div>\n\t\t\t\t<\/div>\n\t\t\t\t<\/div>\n\t\t<div class=\"elementor-element elementor-element-717fbf4 e-con-full e-flex e-con e-child\" data-id=\"717fbf4\" data-element_type=\"container\" data-e-type=\"container\">\n\t\t\t\t<\/div>\n\t\t\t\t\t<\/div>\n\t\t\t\t<\/div>\n\t\t<div class=\"elementor-element elementor-element-187c0ce e-flex e-con-boxed e-con e-parent\" data-id=\"187c0ce\" data-element_type=\"container\" data-e-type=\"container\">\n\t\t\t\t\t<div class=\"e-con-inner\">\n\t\t\t\t<div class=\"elementor-element elementor-element-6891d8a elementor-widget elementor-widget-heading\" data-id=\"6891d8a\" data-element_type=\"widget\" data-e-type=\"widget\" data-widget_type=\"heading.default\">\n\t\t\t\t<div class=\"elementor-widget-container\">\n\t\t\t\t\t<h5 class=\"elementor-heading-title elementor-size-default\">Format: 2 Halbtages-oder 1-Ganztages-Workshop.<\/h5>\t\t\t\t<\/div>\n\t\t\t\t<\/div>\n\t\t\t\t<div class=\"elementor-element elementor-element-38f1719 elementor-align-center elementor-widget elementor-widget-global elementor-global-8515 elementor-widget-ld_button\" data-id=\"38f1719\" data-element_type=\"widget\" data-e-type=\"widget\" data-widget_type=\"ld_button.default\">\n\t\t\t\t<div class=\"elementor-widget-container\">\n\t\t\t\t\t\n\t\t\t<a\n\t\t\t\thref=\"https:\/\/calendly.com\/luxe-ai\/discovery-call-15min\"class=\"elementor-button btn btn-solid btn-sm btn-icon-right btn-has-label\"\t\t\t>\n\t\t\t\t\t\t\t\t\t<span data-text=\"Book A Call\" class=\"btn-txt\">\n\t\t\t\t\t\tCall Buchen\t\t\t\t\t<\/span>\n\t\t\t\t\t\t\t\t\t\t\t\t\t\t<span class=\"btn-icon\">\n\t\t\t\t\t\t\t\t\t\t\t\t\t<\/span>\n\t\t\t\t\t\t\t\t\t<\/a>\n\t\t\t\t\t\t\t<\/div>\n\t\t\t\t<\/div>\n\t\t\t\t\t<\/div>\n\t\t\t\t<\/div>\n\t\t<div class=\"elementor-element elementor-element-793ed0b e-flex e-con-boxed e-con e-parent\" data-id=\"793ed0b\" data-element_type=\"container\" data-e-type=\"container\">\n\t\t\t\t\t<div class=\"e-con-inner\">\n\t\t<div class=\"elementor-element elementor-element-1f88bda e-con-full e-flex e-con e-child\" data-id=\"1f88bda\" data-element_type=\"container\" data-e-type=\"container\" data-settings=\"{&quot;background_background&quot;:&quot;classic&quot;}\">\n\t\t\t\t<div class=\"elementor-element elementor-element-c9fdf15 elementor-widget__width-auto elementor-widget elementor-widget-hub_fancy_heading\" data-id=\"c9fdf15\" data-element_type=\"widget\" data-e-type=\"widget\" data-widget_type=\"hub_fancy_heading.default\">\n\t\t\t\t<div class=\"elementor-widget-container\">\n\t\t\t\t\t\n\t\t<div id=\"ld-fancy-heading-69ff3dc11e62b\" class=\"ld-fancy-heading pos-rel\">\n\t\t\t<p class=\"ld-fh-element d-inline-block pos-rel  lqd-highlight-classic lqd-highlight-grow-left p\"  > 1-Tages-Programm<\/p>\t\t<\/div>\n\n\t\t\t\t\t\t<\/div>\n\t\t\t\t<\/div>\n\t\t\t\t<div class=\"elementor-element elementor-element-8f5412b elementor-widget elementor-widget-hub_fancy_heading\" data-id=\"8f5412b\" data-element_type=\"widget\" data-e-type=\"widget\" data-widget_type=\"hub_fancy_heading.default\">\n\t\t\t\t<div class=\"elementor-widget-container\">\n\t\t\t\t\t\n\t\t<div id=\"ld-fancy-heading-69ff3dc11ed4d\" class=\"ld-fancy-heading pos-rel\">\n\t\t\t<p class=\"ld-fh-element d-inline-block pos-rel  lqd-highlight-classic lqd-highlight-grow-left p\"  > Interaktiver Workshop<\/p>\t\t<\/div>\n\n\t\t\t\t\t\t<\/div>\n\t\t\t\t<\/div>\n\t\t\t\t<div class=\"elementor-element elementor-element-ef24b42 elementor-widget elementor-widget-hub_fancy_heading\" data-id=\"ef24b42\" data-element_type=\"widget\" data-e-type=\"widget\" data-widget_type=\"hub_fancy_heading.default\">\n\t\t\t\t<div class=\"elementor-widget-container\">\n\t\t\t\t\t\n\t\t<div id=\"ld-fancy-heading-69ff3dc11f36b\" class=\"ld-fancy-heading pos-rel\">\n\t\t\t<h2 class=\"ld-fh-element d-inline-block pos-rel  elementor-heading-title lqd-highlight-classic lqd-highlight-grow-left h2\"  > AI Discovery Programm<\/h2>\t\t<\/div>\n\n\t\t\t\t\t\t<\/div>\n\t\t\t\t<\/div>\n\t\t\t\t<div class=\"elementor-element elementor-element-cbaef2a elementor-widget-divider--view-line elementor-widget elementor-widget-divider\" data-id=\"cbaef2a\" data-element_type=\"widget\" data-e-type=\"widget\" data-widget_type=\"divider.default\">\n\t\t\t\t<div class=\"elementor-widget-container\">\n\t\t\t\t\t\t\t<div class=\"elementor-divider\">\n\t\t\t<span class=\"elementor-divider-separator\">\n\t\t\t\t\t\t<\/span>\n\t\t<\/div>\n\t\t\t\t\t\t<\/div>\n\t\t\t\t<\/div>\n\t\t\t\t<div class=\"elementor-element elementor-element-b5ece52 elementor-widget elementor-widget-text-editor\" data-id=\"b5ece52\" data-element_type=\"widget\" data-e-type=\"widget\" data-widget_type=\"text-editor.default\">\n\t\t\t\t<div class=\"elementor-widget-container\">\n\t\t\t\t\t\t\t\t\t<ul class=\"et_pb_pricing\"><li><strong>Ideal f\u00fcr:<\/strong>\u00a0Vorreiter, die eine praktische Einf\u00fchrung in KI f\u00fcr Premium- und Luxusmarken suchen.<\/li><li><strong>Dauer:<\/strong>\u00a0Zwei halbt\u00e4gige Workshops oder ein ganzt\u00e4giger Workshop (nach Bedarf flexibel anpassbar).<\/li><li><strong>\u00dcbersicht:\u00a0<\/strong>Grundlegendes Verst\u00e4ndnis von KI f\u00fcr hochklassige Marken mit Fokus auf strategische Einblicke, Branchentrends und praxisnahe Use Cases.<\/li><li><strong>Ergebnis:<\/strong>\u00a0Inspiration &amp; Impulse \u2013 f\u00fcr einen sicheren Einstieg in die Welt der KI: Leichte, praxisnahe Begleitung, die dein Team dazu bef\u00e4higt, erste KI-Initiativen mit Vertrauen und Klarheit anzugehen. Ideal f\u00fcr Marken, die KI zun\u00e4chst erkunden m\u00f6chten \u2013 bevor sie sich auf tiefgreifende Strategien oder Implementierungsprogramme festlegen.<\/li><\/ul>\t\t\t\t\t\t\t\t<\/div>\n\t\t\t\t<\/div>\n\t\t\t\t<div class=\"elementor-element elementor-element-d181535 elementor-align-center elementor-widget elementor-widget-global elementor-global-8515 elementor-widget-ld_button\" data-id=\"d181535\" data-element_type=\"widget\" data-e-type=\"widget\" data-widget_type=\"ld_button.default\">\n\t\t\t\t<div class=\"elementor-widget-container\">\n\t\t\t\t\t\n\t\t\t<a\n\t\t\t\thref=\"https:\/\/calendly.com\/luxe-ai\/discovery-call-15min\"class=\"elementor-button btn btn-solid btn-sm btn-icon-right btn-has-label\"\t\t\t>\n\t\t\t\t\t\t\t\t\t<span data-text=\"Book A Call\" class=\"btn-txt\">\n\t\t\t\t\t\tCall Buchen\t\t\t\t\t<\/span>\n\t\t\t\t\t\t\t\t\t\t\t\t\t\t<span class=\"btn-icon\">\n\t\t\t\t\t\t\t\t\t\t\t\t\t<\/span>\n\t\t\t\t\t\t\t\t\t<\/a>\n\t\t\t\t\t\t\t<\/div>\n\t\t\t\t<\/div>\n\t\t\t\t<\/div>\n\t\t\t\t\t<\/div>\n\t\t\t\t<\/div>\n\t\t\t\t<\/div>","protected":false},"excerpt":{"rendered":"<p>AI Discovery Program An interactive, inspirational workshop providing a solid AI foundation tailored to premium and luxury brands. Learn key AI concepts, industry trends, and real-world use cases to spark innovation and identify opportunities. Overview Designed to provide a solid foundation in AI for premium and luxury brands. Ideal entry point for brands looking to [&hellip;]<\/p>\n","protected":false},"author":1,"featured_media":0,"parent":0,"menu_order":0,"comment_status":"closed","ping_status":"closed","template":"","meta":{"_acf_changed":false,"footnotes":""},"class_list":["post-8536","page","type-page","status-publish","hentry"],"acf":[],"_links":{"self":[{"href":"https:\/\/consultingluxe.ai\/de\/wp-json\/wp\/v2\/pages\/8536","targetHints":{"allow":["GET"]}}],"collection":[{"href":"https:\/\/consultingluxe.ai\/de\/wp-json\/wp\/v2\/pages"}],"about":[{"href":"https:\/\/consultingluxe.ai\/de\/wp-json\/wp\/v2\/types\/page"}],"author":[{"embeddable":true,"href":"https:\/\/consultingluxe.ai\/de\/wp-json\/wp\/v2\/users\/1"}],"replies":[{"embeddable":true,"href":"https:\/\/consultingluxe.ai\/de\/wp-json\/wp\/v2\/comments?post=8536"}],"version-history":[{"count":37,"href":"https:\/\/consultingluxe.ai\/de\/wp-json\/wp\/v2\/pages\/8536\/revisions"}],"predecessor-version":[{"id":9434,"href":"https:\/\/consultingluxe.ai\/de\/wp-json\/wp\/v2\/pages\/8536\/revisions\/9434"}],"wp:attachment":[{"href":"https:\/\/consultingluxe.ai\/de\/wp-json\/wp\/v2\/media?parent=8536"}],"curies":[{"name":"wp","href":"https:\/\/api.w.org\/{rel}","templated":true}]}}