{"id":8494,"date":"2025-04-14T05:26:00","date_gmt":"2025-04-14T05:26:00","guid":{"rendered":"https:\/\/consultingluxe.ai\/?page_id=8494"},"modified":"2025-04-23T15:34:28","modified_gmt":"2025-04-23T15:34:28","slug":"our-service","status":"publish","type":"page","link":"https:\/\/consultingluxe.ai\/de\/our-service\/","title":{"rendered":"Unser Service"},"content":{"rendered":"<div data-elementor-type=\"wp-page\" data-elementor-id=\"8494\" class=\"elementor elementor-8494\" data-elementor-post-type=\"page\">\n\t\t\t\t<div class=\"elementor-element elementor-element-8c860fe e-flex e-con-boxed e-con e-parent\" data-id=\"8c860fe\" data-element_type=\"container\" data-e-type=\"container\">\n\t\t\t\t\t<div class=\"e-con-inner\">\n\t\t<div class=\"elementor-element elementor-element-9780d2f e-con-full e-flex e-con e-child\" data-id=\"9780d2f\" data-element_type=\"container\" data-e-type=\"container\">\n\t\t\t\t<div class=\"elementor-element elementor-element-05f5623 elementor-widget elementor-widget-image\" data-id=\"05f5623\" data-element_type=\"widget\" data-e-type=\"widget\" data-widget_type=\"image.default\">\n\t\t\t\t<div class=\"elementor-widget-container\">\n\t\t\t\t\t\t\t\t\t\t\t\t\t\t\t<img fetchpriority=\"high\" decoding=\"async\" width=\"780\" height=\"780\" src=\"data:image\/svg+xml;charset=utf-8,%3Csvg xmlns%3D&#039;http%3A%2F%2Fwww.w3.org%2F2000%2Fsvg&#039; viewBox%3D&#039;0 0 1024 1024&#039;%2F%3E\" class=\"attachment-large size-large wp-image-8502 ld-lazyload\" alt=\"\" data-src=\"https:\/\/consultingluxe.ai\/wp-content\/uploads\/2025\/04\/Teamwork-and-Unity7-1024x1024.jpeg\" data-srcset=\"https:\/\/consultingluxe.ai\/wp-content\/uploads\/2025\/04\/Teamwork-and-Unity7-1024x1024.jpeg 1024w, https:\/\/consultingluxe.ai\/wp-content\/uploads\/2025\/04\/Teamwork-and-Unity7-300x300.jpeg 300w, https:\/\/consultingluxe.ai\/wp-content\/uploads\/2025\/04\/Teamwork-and-Unity7-150x150.jpeg 150w, https:\/\/consultingluxe.ai\/wp-content\/uploads\/2025\/04\/Teamwork-and-Unity7-1536x1536.jpeg 1536w, https:\/\/consultingluxe.ai\/wp-content\/uploads\/2025\/04\/Teamwork-and-Unity7-2048x2048.jpeg 2048w, https:\/\/consultingluxe.ai\/wp-content\/uploads\/2025\/04\/Teamwork-and-Unity7-320x320.jpeg 320w, https:\/\/consultingluxe.ai\/wp-content\/uploads\/2025\/04\/Teamwork-and-Unity7-760x760.jpeg 760w, https:\/\/consultingluxe.ai\/wp-content\/uploads\/2025\/04\/Teamwork-and-Unity7-650x650.jpeg 650w, https:\/\/consultingluxe.ai\/wp-content\/uploads\/2025\/04\/Teamwork-and-Unity7-1300x1300.jpeg 1300w, https:\/\/consultingluxe.ai\/wp-content\/uploads\/2025\/04\/Teamwork-and-Unity7-12x12.jpeg 12w\" data-sizes=\"(max-width: 780px) 100vw, 780px\" data-aspect=\"1\" \/>\t\t\t\t\t\t\t\t\t\t\t\t\t\t\t<\/div>\n\t\t\t\t<\/div>\n\t\t\t\t<\/div>\n\t\t<div class=\"elementor-element elementor-element-f680a8c e-con-full e-flex e-con e-child\" data-id=\"f680a8c\" data-element_type=\"container\" data-e-type=\"container\">\n\t\t\t\t<div class=\"elementor-element elementor-element-719b590 elementor-widget__width-auto elementor-widget elementor-widget-hub_fancy_heading\" data-id=\"719b590\" data-element_type=\"widget\" data-e-type=\"widget\" data-widget_type=\"hub_fancy_heading.default\">\n\t\t\t\t<div class=\"elementor-widget-container\">\n\t\t\t\t\t\n\t\t<div id=\"ld-fancy-heading-69ff3dcf61d5c\" class=\"ld-fancy-heading pos-rel\">\n\t\t\t<h6 class=\"ld-fh-element d-inline-block pos-rel  elementor-heading-title lqd-highlight-classic lqd-highlight-grow-left h6\"  > \u2726 Flexible Programme<\/h6>\t\t<\/div>\n\n\t\t\t\t\t\t<\/div>\n\t\t\t\t<\/div>\n\t\t\t\t<div class=\"elementor-element elementor-element-2a6ff55 elementor-widget elementor-widget-hub_fancy_heading lqd-el-has-inner-anim\" data-id=\"2a6ff55\" data-element_type=\"widget\" data-e-type=\"widget\" data-settings=\"{&quot;enable_split&quot;:&quot;true&quot;,&quot;split_type&quot;:&quot;words&quot;}\" data-widget_type=\"hub_fancy_heading.default\">\n\t\t\t\t<div class=\"elementor-widget-container\">\n\t\t\t\t\t\n\t\t<div id=\"ld-fancy-heading-69ff3dcf622fa\" class=\"ld-fancy-heading pos-rel\">\n\t\t\t<h2 class=\"ld-fh-element d-inline-block pos-rel  elementor-heading-title lqd-highlight-classic lqd-highlight-grow-left lqd-split-words h2\"  data-split-text=\"true\" data-split-options='{\"type\":\"words\"}'> Wir holen dich dort ab, wo du stehst\n<\/h2>\t\t<\/div>\n\n\t\t\t\t\t\t<\/div>\n\t\t\t\t<\/div>\n\t\t\t\t<div class=\"elementor-element elementor-element-9c87f98 elementor-widget elementor-widget-hub_fancy_heading\" data-id=\"9c87f98\" data-element_type=\"widget\" data-e-type=\"widget\" data-widget_type=\"hub_fancy_heading.default\">\n\t\t\t\t<div class=\"elementor-widget-container\">\n\t\t\t\t\t\n\t\t<div id=\"ld-fancy-heading-69ff3dcf62777\" class=\"ld-fancy-heading pos-rel\">\n\t\t\t<p class=\"ld-fh-element d-inline-block pos-rel  lqd-highlight-classic lqd-highlight-grow-left p\"  > Unsere Services sind so gestaltet, dass sie sich flexibel an deine Bed\u00fcrfnisse anpassen.\nOb du eine kurzfristige Begleitung f\u00fcr einen einzelnen AI Use Case brauchst \u2013 oder eine langfristige Partnerschaft zur Unterst\u00fctzung deiner gesamten KI-Initiative:\nWir bieten die Flexibilit\u00e4t, die zu deinen Zielen und deinem Wachstum passt.<\/p>\t\t<\/div>\n\n\t\t\t\t\t\t<\/div>\n\t\t\t\t<\/div>\n\t\t\t\t<div class=\"elementor-element elementor-element-9e38365 elementor-widget elementor-widget-hub_fancy_heading lqd-el-has-inner-anim\" data-id=\"9e38365\" data-element_type=\"widget\" data-e-type=\"widget\" data-settings=\"{&quot;enable_split&quot;:&quot;true&quot;,&quot;split_type&quot;:&quot;words&quot;}\" data-widget_type=\"hub_fancy_heading.default\">\n\t\t\t\t<div class=\"elementor-widget-container\">\n\t\t\t\t\t\n\t\t<div id=\"ld-fancy-heading-69ff3dcf62bdf\" class=\"ld-fancy-heading pos-rel\">\n\t\t\t<h2 class=\"ld-fh-element d-inline-block pos-rel  elementor-heading-title lqd-highlight-classic lqd-highlight-grow-left lqd-split-words h2\"  data-split-text=\"true\" data-split-options='{\"type\":\"words\"}'> Und bringen dich dorthin, wo du hinwillst<\/h2>\t\t<\/div>\n\n\t\t\t\t\t\t<\/div>\n\t\t\t\t<\/div>\n\t\t\t\t<div class=\"elementor-element elementor-element-2a09f85 elementor-widget elementor-widget-text-editor\" data-id=\"2a09f85\" data-element_type=\"widget\" data-e-type=\"widget\" data-widget_type=\"text-editor.default\">\n\t\t\t\t<div class=\"elementor-widget-container\">\n\t\t\t\t\t\t\t\t\t<p>Unsere Programme bauen sinnvoll aufeinander auf, folgen einem durchdachten Aufbau\nund kombinieren kollaborative Formate mit gezielten Expert:innen-Inputs und fundierten Checks aus unserem Netzwerk.\n\nAlle Programme sind einzeln oder im Paket buchbar \u2013 f\u00fcr noch mehr Wirkung und strategischen Mehrwert.<\/p><p>Scrolle weiter, um Details zu Aktivit\u00e4ten, Ergebnissen &amp; Formaten der einzelnen Programmschritte zu entdecken.<\/p>\t\t\t\t\t\t\t\t<\/div>\n\t\t\t\t<\/div>\n\t\t\t\t<\/div>\n\t\t\t\t\t<\/div>\n\t\t\t\t<\/div>\n\t\t<div class=\"elementor-element elementor-element-3d63eda9 e-flex e-con-boxed e-con e-parent\" data-id=\"3d63eda9\" data-element_type=\"container\" data-e-type=\"container\">\n\t\t\t\t\t<div class=\"e-con-inner\">\n\t\t<div class=\"elementor-element elementor-element-25a4ba53 e-con-full e-flex e-con e-child\" data-id=\"25a4ba53\" data-element_type=\"container\" data-e-type=\"container\">\n\t\t\t\t<div class=\"elementor-element elementor-element-22e733c5 elementor-widget__width-auto elementor-widget elementor-widget-hub_fancy_heading\" data-id=\"22e733c5\" data-element_type=\"widget\" data-e-type=\"widget\" data-widget_type=\"hub_fancy_heading.default\">\n\t\t\t\t<div class=\"elementor-widget-container\">\n\t\t\t\t\t\n\t\t<div id=\"ld-fancy-heading-69ff3dcf63657\" class=\"ld-fancy-heading pos-rel\">\n\t\t\t<p class=\"ld-fh-element d-inline-block pos-rel  lqd-highlight-classic lqd-highlight-grow-left p\"  > 1-Tages-Programm<\/p>\t\t<\/div>\n\n\t\t\t\t\t\t<\/div>\n\t\t\t\t<\/div>\n\t\t\t\t<div class=\"elementor-element elementor-element-2f5999e9 elementor-widget elementor-widget-hub_fancy_heading\" data-id=\"2f5999e9\" data-element_type=\"widget\" data-e-type=\"widget\" data-widget_type=\"hub_fancy_heading.default\">\n\t\t\t\t<div class=\"elementor-widget-container\">\n\t\t\t\t\t\n\t\t<div id=\"ld-fancy-heading-69ff3dcf63ad0\" class=\"ld-fancy-heading pos-rel\">\n\t\t\t<p class=\"ld-fh-element d-inline-block pos-rel  lqd-highlight-classic lqd-highlight-grow-left p\"  > Interaktiver Workshop<\/p>\t\t<\/div>\n\n\t\t\t\t\t\t<\/div>\n\t\t\t\t<\/div>\n\t\t\t\t<div class=\"elementor-element elementor-element-33bfb80a elementor-widget__width-inherit elementor-widget elementor-widget-spacer\" data-id=\"33bfb80a\" data-element_type=\"widget\" data-e-type=\"widget\" data-widget_type=\"spacer.default\">\n\t\t\t\t<div class=\"elementor-widget-container\">\n\t\t\t\t\t\t\t<div class=\"elementor-spacer\">\n\t\t\t<div class=\"elementor-spacer-inner\"><\/div>\n\t\t<\/div>\n\t\t\t\t\t\t<\/div>\n\t\t\t\t<\/div>\n\t\t\t\t<div class=\"elementor-element elementor-element-6d2f01af elementor-widget elementor-widget-hub_fancy_heading\" data-id=\"6d2f01af\" data-element_type=\"widget\" data-e-type=\"widget\" data-widget_type=\"hub_fancy_heading.default\">\n\t\t\t\t<div class=\"elementor-widget-container\">\n\t\t\t\t\t\n\t\t<div id=\"ld-fancy-heading-69ff3dcf63f33\" class=\"ld-fancy-heading pos-rel\">\n\t\t\t<h2 class=\"ld-fh-element d-inline-block pos-rel  elementor-heading-title lqd-highlight-classic lqd-highlight-grow-left h2\"  > AI Discovery Programm<\/h2>\t\t<\/div>\n\n\t\t\t\t\t\t<\/div>\n\t\t\t\t<\/div>\n\t\t\t\t<div class=\"elementor-element elementor-element-55dc4e45 elementor-widget-divider--view-line elementor-widget elementor-widget-divider\" data-id=\"55dc4e45\" data-element_type=\"widget\" data-e-type=\"widget\" data-widget_type=\"divider.default\">\n\t\t\t\t<div class=\"elementor-widget-container\">\n\t\t\t\t\t\t\t<div class=\"elementor-divider\">\n\t\t\t<span class=\"elementor-divider-separator\">\n\t\t\t\t\t\t<\/span>\n\t\t<\/div>\n\t\t\t\t\t\t<\/div>\n\t\t\t\t<\/div>\n\t\t\t\t<div class=\"elementor-element elementor-element-7f17847 elementor-widget elementor-widget-text-editor\" data-id=\"7f17847\" data-element_type=\"widget\" data-e-type=\"widget\" data-widget_type=\"text-editor.default\">\n\t\t\t\t<div class=\"elementor-widget-container\">\n\t\t\t\t\t\t\t\t\t<ul class=\"et_pb_pricing\"><li><strong>Ideal f\u00fcr:<\/strong>\u00a0Vorreiter, die eine praktische Einf\u00fchrung in KI f\u00fcr Premium- und Luxusmarken suchen.<\/li><li><strong>Dauer:<\/strong>\u00a0Zwei halbt\u00e4gige Workshops oder ein ganzt\u00e4giger Workshop (nach Bedarf flexibel anpassbar).<\/li><li><strong>\u00dcbersicht:\u00a0<\/strong>Grundlegendes Verst\u00e4ndnis von KI f\u00fcr hochklassige Marken mit Fokus auf strategische Einblicke, Branchentrends und praxisnahe Use Cases.<\/li><li><strong>Ergebnis:<\/strong>\u00a0Inspiration &amp; Impulse \u2013 f\u00fcr einen sicheren Einstieg in die Welt der KI: Leichte, praxisnahe Begleitung, die dein Team dazu bef\u00e4higt, erste KI-Initiativen mit Vertrauen und Klarheit anzugehen. Ideal f\u00fcr Marken, die KI zun\u00e4chst erkunden m\u00f6chten \u2013 bevor sie sich auf tiefgreifende Strategien oder Implementierungsprogramme festlegen.<\/li><\/ul>\t\t\t\t\t\t\t\t<\/div>\n\t\t\t\t<\/div>\n\t\t\t\t<div class=\"elementor-element elementor-element-16df2ea elementor-align-center elementor-widget elementor-widget-global elementor-global-8515 elementor-widget-ld_button\" data-id=\"16df2ea\" data-element_type=\"widget\" data-e-type=\"widget\" data-widget_type=\"ld_button.default\">\n\t\t\t\t<div class=\"elementor-widget-container\">\n\t\t\t\t\t\n\t\t\t<a\n\t\t\t\thref=\"https:\/\/calendly.com\/luxe-ai\/discovery-call-15min\"class=\"elementor-button btn btn-solid btn-sm btn-icon-right btn-has-label\"\t\t\t>\n\t\t\t\t\t\t\t\t\t<span data-text=\"Book A Call\" class=\"btn-txt\">\n\t\t\t\t\t\tCall Buchen\t\t\t\t\t<\/span>\n\t\t\t\t\t\t\t\t\t\t\t\t\t\t<span class=\"btn-icon\">\n\t\t\t\t\t\t\t\t\t\t\t\t\t<\/span>\n\t\t\t\t\t\t\t\t\t<\/a>\n\t\t\t\t\t\t\t<\/div>\n\t\t\t\t<\/div>\n\t\t\t\t<div class=\"elementor-element elementor-element-3c20164c elementor-widget elementor-widget-ld_button\" data-id=\"3c20164c\" data-element_type=\"widget\" data-e-type=\"widget\" data-widget_type=\"ld_button.default\">\n\t\t\t\t<div class=\"elementor-widget-container\">\n\t\t\t\t\t\n\t\t\t<a\n\t\t\t\thref=\"https:\/\/consultingluxe.ai\/de\/ai-discovery-program\/\"class=\"elementor-button btn btn-underlined border-thin btn-icon-shaped btn-has-label\"\t\t\t>\n\t\t\t\t\t\t\t\t\t<span data-text=\"Know More\" class=\"btn-txt\">\n\t\t\t\t\t\tMehr Erfahren\t\t\t\t\t<\/span>\n\t\t\t\t\t\t\t\t\t\t\t<\/a>\n\t\t\t\t\t\t\t<\/div>\n\t\t\t\t<\/div>\n\t\t\t\t<\/div>\n\t\t<div class=\"elementor-element elementor-element-edc3f2b e-con-full e-flex e-con e-child\" data-id=\"edc3f2b\" data-element_type=\"container\" data-e-type=\"container\" data-settings=\"{&quot;background_background&quot;:&quot;classic&quot;}\">\n\t\t\t\t<div class=\"elementor-element elementor-element-6a23852c elementor-widget__width-auto elementor-widget elementor-widget-hub_fancy_heading\" data-id=\"6a23852c\" data-element_type=\"widget\" data-e-type=\"widget\" data-widget_type=\"hub_fancy_heading.default\">\n\t\t\t\t<div class=\"elementor-widget-container\">\n\t\t\t\t\t\n\t\t<div id=\"ld-fancy-heading-69ff3dcf66fdb\" class=\"ld-fancy-heading pos-rel\">\n\t\t\t<p class=\"ld-fh-element d-inline-block pos-rel  lqd-highlight-classic lqd-highlight-grow-left p\"  > 2-Monats-Programm<\/p>\t\t<\/div>\n\n\t\t\t\t\t\t<\/div>\n\t\t\t\t<\/div>\n\t\t\t\t<div class=\"elementor-element elementor-element-0429a3a elementor-widget elementor-widget-hub_fancy_heading\" data-id=\"0429a3a\" data-element_type=\"widget\" data-e-type=\"widget\" data-widget_type=\"hub_fancy_heading.default\">\n\t\t\t\t<div class=\"elementor-widget-container\">\n\t\t\t\t\t\n\t\t<div id=\"ld-fancy-heading-69ff3dcf674ea\" class=\"ld-fancy-heading pos-rel\">\n\t\t\t<p class=\"ld-fh-element d-inline-block pos-rel  lqd-highlight-classic lqd-highlight-grow-left p\"  > Schritte 01 - 06<\/p>\t\t<\/div>\n\n\t\t\t\t\t\t<\/div>\n\t\t\t\t<\/div>\n\t\t\t\t<div class=\"elementor-element elementor-element-4d7edfb9 elementor-widget__width-inherit elementor-widget elementor-widget-spacer\" data-id=\"4d7edfb9\" data-element_type=\"widget\" data-e-type=\"widget\" data-widget_type=\"spacer.default\">\n\t\t\t\t<div class=\"elementor-widget-container\">\n\t\t\t\t\t\t\t<div class=\"elementor-spacer\">\n\t\t\t<div class=\"elementor-spacer-inner\"><\/div>\n\t\t<\/div>\n\t\t\t\t\t\t<\/div>\n\t\t\t\t<\/div>\n\t\t\t\t<div class=\"elementor-element elementor-element-716de96 elementor-widget elementor-widget-hub_fancy_heading\" data-id=\"716de96\" data-element_type=\"widget\" data-e-type=\"widget\" data-widget_type=\"hub_fancy_heading.default\">\n\t\t\t\t<div class=\"elementor-widget-container\">\n\t\t\t\t\t\n\t\t<div id=\"ld-fancy-heading-69ff3dcf679fd\" class=\"ld-fancy-heading pos-rel\">\n\t\t\t<h2 class=\"ld-fh-element d-inline-block pos-rel  elementor-heading-title lqd-highlight-classic lqd-highlight-grow-left h2\"  > AI Define &amp; Develop Programm<\/h2>\t\t<\/div>\n\n\t\t\t\t\t\t<\/div>\n\t\t\t\t<\/div>\n\t\t\t\t<div class=\"elementor-element elementor-element-55aae091 elementor-widget-divider--view-line elementor-widget elementor-widget-divider\" data-id=\"55aae091\" data-element_type=\"widget\" data-e-type=\"widget\" data-widget_type=\"divider.default\">\n\t\t\t\t<div class=\"elementor-widget-container\">\n\t\t\t\t\t\t\t<div class=\"elementor-divider\">\n\t\t\t<span class=\"elementor-divider-separator\">\n\t\t\t\t\t\t<\/span>\n\t\t<\/div>\n\t\t\t\t\t\t<\/div>\n\t\t\t\t<\/div>\n\t\t\t\t<div class=\"elementor-element elementor-element-59104e9 elementor-widget elementor-widget-text-editor\" data-id=\"59104e9\" data-element_type=\"widget\" data-e-type=\"widget\" data-widget_type=\"text-editor.default\">\n\t\t\t\t<div class=\"elementor-widget-container\">\n\t\t\t\t\t\t\t\t\t<ul class=\"et_pb_pricing\"><li><strong>Ideal f\u00fcr:<\/strong>\u00a0Unternehmen, die nach einem ersten Use Case mit hohem Einfluss und geringer Komplexit\u00e4t suchen oder ein kritisches Problem\/Ziel angehen m\u00f6chten.<\/li><li><strong>Dauer:<\/strong>\u00a0Intensive ~2-Monats-Programm.<\/li><li><strong>\u00dcbersicht:<\/strong>\u00a0Erhalten Sie alle Vorteile des AI Discovery Programms, plus eine Status-Quo-Analyse, Ausrichtung der Vision und strategische Beratung. Bearbeiten Sie einen zentralen Use Case, unterst\u00fctzt durch eine technische und Compliance-Pr\u00fcfung sowie einen klaren Projektplan.<\/li><li><strong>Ergebnis:<\/strong>\u00a0Ein hochwirksamer AI-Use Case inkl. detailliertem Projektplan, der zur Ausf\u00fchrung bereit ist.<\/li><li><em><strong>+ Optionales Add-on (Schritt 7):<\/strong>\u00a0Unterst\u00fctzung bei der Projektimplementierung<\/em><\/li><li><em>Die Implementierung liegt au\u00dferhalb des initialen Umfangs; je nach Projektgr\u00f6\u00dfe k\u00f6nnen interne Ressourcen, ausgew\u00e4hlten Partner oder unsere vertrauensw\u00fcrdigen Tech-Partner genutzt werden.<\/em><\/li><\/ul>\t\t\t\t\t\t\t\t<\/div>\n\t\t\t\t<\/div>\n\t\t\t\t<div class=\"elementor-element elementor-element-0aba0bb elementor-align-center elementor-widget elementor-widget-global elementor-global-8515 elementor-widget-ld_button\" data-id=\"0aba0bb\" data-element_type=\"widget\" data-e-type=\"widget\" data-widget_type=\"ld_button.default\">\n\t\t\t\t<div class=\"elementor-widget-container\">\n\t\t\t\t\t\n\t\t\t<a\n\t\t\t\thref=\"https:\/\/calendly.com\/luxe-ai\/discovery-call-15min\"class=\"elementor-button btn btn-solid btn-sm btn-icon-right btn-has-label\"\t\t\t>\n\t\t\t\t\t\t\t\t\t<span data-text=\"Book A Call\" class=\"btn-txt\">\n\t\t\t\t\t\tCall Buchen\t\t\t\t\t<\/span>\n\t\t\t\t\t\t\t\t\t\t\t\t\t\t<span class=\"btn-icon\">\n\t\t\t\t\t\t\t\t\t\t\t\t\t<\/span>\n\t\t\t\t\t\t\t\t\t<\/a>\n\t\t\t\t\t\t\t<\/div>\n\t\t\t\t<\/div>\n\t\t\t\t<div class=\"elementor-element elementor-element-b6c6230 elementor-widget elementor-widget-ld_button\" data-id=\"b6c6230\" data-element_type=\"widget\" data-e-type=\"widget\" data-widget_type=\"ld_button.default\">\n\t\t\t\t<div class=\"elementor-widget-container\">\n\t\t\t\t\t\n\t\t\t<a\n\t\t\t\thref=\"https:\/\/consultingluxe.ai\/de\/ai-define-develop-program\/\"class=\"elementor-button btn btn-underlined border-thin btn-icon-shaped btn-has-label\"\t\t\t>\n\t\t\t\t\t\t\t\t\t<span data-text=\"Know More\" class=\"btn-txt\">\n\t\t\t\t\t\tMehr Erfahren\t\t\t\t\t<\/span>\n\t\t\t\t\t\t\t\t\t\t\t<\/a>\n\t\t\t\t\t\t\t<\/div>\n\t\t\t\t<\/div>\n\t\t\t\t<\/div>\n\t\t<div class=\"elementor-element elementor-element-17cb252b e-con-full e-flex e-con e-child\" data-id=\"17cb252b\" data-element_type=\"container\" data-e-type=\"container\">\n\t\t\t\t<div class=\"elementor-element elementor-element-100d2217 elementor-widget__width-auto elementor-widget elementor-widget-hub_fancy_heading\" data-id=\"100d2217\" data-element_type=\"widget\" data-e-type=\"widget\" data-widget_type=\"hub_fancy_heading.default\">\n\t\t\t\t<div class=\"elementor-widget-container\">\n\t\t\t\t\t\n\t\t<div id=\"ld-fancy-heading-69ff3dcf69bbc\" class=\"ld-fancy-heading pos-rel\">\n\t\t\t<p class=\"ld-fh-element d-inline-block pos-rel  lqd-highlight-classic lqd-highlight-grow-left p\"  > Laufende Partnerschaft<\/p>\t\t<\/div>\n\n\t\t\t\t\t\t<\/div>\n\t\t\t\t<\/div>\n\t\t\t\t<div class=\"elementor-element elementor-element-fc2e20a elementor-widget elementor-widget-hub_fancy_heading\" data-id=\"fc2e20a\" data-element_type=\"widget\" data-e-type=\"widget\" data-widget_type=\"hub_fancy_heading.default\">\n\t\t\t\t<div class=\"elementor-widget-container\">\n\t\t\t\t\t\n\t\t<div id=\"ld-fancy-heading-69ff3dcf6a0ac\" class=\"ld-fancy-heading pos-rel\">\n\t\t\t<p class=\"ld-fh-element d-inline-block pos-rel  lqd-highlight-classic lqd-highlight-grow-left p\"  > Beschr\u00e4nkt auf 4 Kund:innen\/Jahr<\/p>\t\t<\/div>\n\n\t\t\t\t\t\t<\/div>\n\t\t\t\t<\/div>\n\t\t\t\t<div class=\"elementor-element elementor-element-15578ed4 elementor-widget__width-inherit elementor-widget elementor-widget-spacer\" data-id=\"15578ed4\" data-element_type=\"widget\" data-e-type=\"widget\" data-widget_type=\"spacer.default\">\n\t\t\t\t<div class=\"elementor-widget-container\">\n\t\t\t\t\t\t\t<div class=\"elementor-spacer\">\n\t\t\t<div class=\"elementor-spacer-inner\"><\/div>\n\t\t<\/div>\n\t\t\t\t\t\t<\/div>\n\t\t\t\t<\/div>\n\t\t\t\t<div class=\"elementor-element elementor-element-217b136 elementor-widget elementor-widget-hub_fancy_heading\" data-id=\"217b136\" data-element_type=\"widget\" data-e-type=\"widget\" data-widget_type=\"hub_fancy_heading.default\">\n\t\t\t\t<div class=\"elementor-widget-container\">\n\t\t\t\t\t\n\t\t<div id=\"ld-fancy-heading-69ff3dcf6a624\" class=\"ld-fancy-heading pos-rel\">\n\t\t\t<h2 class=\"ld-fh-element d-inline-block pos-rel  elementor-heading-title lqd-highlight-classic lqd-highlight-grow-left h2\"  > AI Mastery Programm<\/h2>\t\t<\/div>\n\n\t\t\t\t\t\t<\/div>\n\t\t\t\t<\/div>\n\t\t\t\t<div class=\"elementor-element elementor-element-64029802 elementor-widget-divider--view-line elementor-widget elementor-widget-divider\" data-id=\"64029802\" data-element_type=\"widget\" data-e-type=\"widget\" data-widget_type=\"divider.default\">\n\t\t\t\t<div class=\"elementor-widget-container\">\n\t\t\t\t\t\t\t<div class=\"elementor-divider\">\n\t\t\t<span class=\"elementor-divider-separator\">\n\t\t\t\t\t\t<\/span>\n\t\t<\/div>\n\t\t\t\t\t\t<\/div>\n\t\t\t\t<\/div>\n\t\t\t\t<div class=\"elementor-element elementor-element-98da48e elementor-widget elementor-widget-text-editor\" data-id=\"98da48e\" data-element_type=\"widget\" data-e-type=\"widget\" data-widget_type=\"text-editor.default\">\n\t\t\t\t<div class=\"elementor-widget-container\">\n\t\t\t\t\t\t\t\t\t<ul class=\"et_pb_pricing\"><li><strong>Ideal f\u00fcr:<\/strong>\u00a0Unternehmen, die sich vollst\u00e4ndig der Skalierung von Innovationen verschrieben haben und ein AI-first-Unternehmen werden m\u00f6chten.<\/li><li><strong>Dauer:<\/strong>\u00a0Laufende Inhouse-Partnerschaft.<\/li><li><strong>\u00dcbersicht:<\/strong>\u00a0Wir fungieren als Ihr AI-Innovationsteam und transformieren alle Funktionen mit Beratung durch den Chief AI Officer, Change Management, F\u00fchrungskr\u00e4fteweiterbildung sowie Auswahl von Personal und Dienstleistern, unter anderem.<\/li><li><strong>Ergebnis:\u00a0<\/strong>Werde zum AI-gest\u00fctzten Branchenf\u00fchrer \u2013 mit Weitblick, Substanz und Haltung. Setze auf nachhaltiges Wachstum, eine stabile KI-Basis und verantwortungsbewusste Umsetzung.\n\nFokussiere dich auf strategische Initiativen, entwickle Kompetenzen weiter, f\u00f6rdere Innovation \u2013\nund bleibe agil, um deine Position im dynamischen KI-Umfeld langfristig zu st\u00e4rken.<\/li><\/ul>\t\t\t\t\t\t\t\t<\/div>\n\t\t\t\t<\/div>\n\t\t\t\t<div class=\"elementor-element elementor-element-7618674 elementor-align-center elementor-widget elementor-widget-global elementor-global-8515 elementor-widget-ld_button\" data-id=\"7618674\" data-element_type=\"widget\" data-e-type=\"widget\" data-widget_type=\"ld_button.default\">\n\t\t\t\t<div class=\"elementor-widget-container\">\n\t\t\t\t\t\n\t\t\t<a\n\t\t\t\thref=\"https:\/\/calendly.com\/luxe-ai\/discovery-call-15min\"class=\"elementor-button btn btn-solid btn-sm btn-icon-right btn-has-label\"\t\t\t>\n\t\t\t\t\t\t\t\t\t<span data-text=\"Book A Call\" class=\"btn-txt\">\n\t\t\t\t\t\tCall Buchen\t\t\t\t\t<\/span>\n\t\t\t\t\t\t\t\t\t\t\t\t\t\t<span class=\"btn-icon\">\n\t\t\t\t\t\t\t\t\t\t\t\t\t<\/span>\n\t\t\t\t\t\t\t\t\t<\/a>\n\t\t\t\t\t\t\t<\/div>\n\t\t\t\t<\/div>\n\t\t\t\t<div class=\"elementor-element elementor-element-ebef469 elementor-widget elementor-widget-ld_button\" data-id=\"ebef469\" data-element_type=\"widget\" data-e-type=\"widget\" data-widget_type=\"ld_button.default\">\n\t\t\t\t<div class=\"elementor-widget-container\">\n\t\t\t\t\t\n\t\t\t<a\n\t\t\t\thref=\"https:\/\/consultingluxe.ai\/de\/ai-mastery-program\/\"class=\"elementor-button btn btn-underlined border-thin btn-icon-shaped btn-has-label\"\t\t\t>\n\t\t\t\t\t\t\t\t\t<span data-text=\"Know More\" class=\"btn-txt\">\n\t\t\t\t\t\tMehr Erfahren\t\t\t\t\t<\/span>\n\t\t\t\t\t\t\t\t\t\t\t<\/a>\n\t\t\t\t\t\t\t<\/div>\n\t\t\t\t<\/div>\n\t\t\t\t<\/div>\n\t\t\t\t\t<\/div>\n\t\t\t\t<\/div>\n\t\t\t\t<\/div>","protected":false},"excerpt":{"rendered":"<p>\u2726 Flexible Programs Meeting you where you are at Our services are designed to scale based on your needs. Whether you require a short-term engagement focused on a single AI use case or a long-term partnership supporting your AI initiatives, we provide the flexibility to adapt to your business goals and evolving requirements. Taking you [&hellip;]<\/p>\n","protected":false},"author":1,"featured_media":0,"parent":0,"menu_order":0,"comment_status":"closed","ping_status":"closed","template":"","meta":{"_acf_changed":false,"footnotes":""},"class_list":["post-8494","page","type-page","status-publish","hentry"],"acf":[],"_links":{"self":[{"href":"https:\/\/consultingluxe.ai\/de\/wp-json\/wp\/v2\/pages\/8494","targetHints":{"allow":["GET"]}}],"collection":[{"href":"https:\/\/consultingluxe.ai\/de\/wp-json\/wp\/v2\/pages"}],"about":[{"href":"https:\/\/consultingluxe.ai\/de\/wp-json\/wp\/v2\/types\/page"}],"author":[{"embeddable":true,"href":"https:\/\/consultingluxe.ai\/de\/wp-json\/wp\/v2\/users\/1"}],"replies":[{"embeddable":true,"href":"https:\/\/consultingluxe.ai\/de\/wp-json\/wp\/v2\/comments?post=8494"}],"version-history":[{"count":22,"href":"https:\/\/consultingluxe.ai\/de\/wp-json\/wp\/v2\/pages\/8494\/revisions"}],"predecessor-version":[{"id":8942,"href":"https:\/\/consultingluxe.ai\/de\/wp-json\/wp\/v2\/pages\/8494\/revisions\/8942"}],"wp:attachment":[{"href":"https:\/\/consultingluxe.ai\/de\/wp-json\/wp\/v2\/media?parent=8494"}],"curies":[{"name":"wp","href":"https:\/\/api.w.org\/{rel}","templated":true}]}}